{"id":581,"date":"2024-04-29T16:29:52","date_gmt":"2024-04-29T14:29:52","guid":{"rendered":"https:\/\/sanopien.com\/?post_type=product&#038;p=581"},"modified":"2024-04-29T16:29:52","modified_gmt":"2024-04-29T14:29:52","slug":"starter-unikofeed-happy-bird","status":"publish","type":"product","link":"https:\/\/sanopien.com\/pt\/produto\/starter-unikofeed-happy-bird\/","title":{"rendered":"STARTER UNIKOFEED HAPPY BIRD"},"content":{"rendered":"<p>Farinha de cereais pr\u00e9-cozinhada, prote\u00ednas animais e vegetais, clara de ovo em p\u00f3, prote\u00edna vegetal, elevado teor de EPA e DHA, \u00f3leo vegetal de Pinophyta sp rico em \u00e1cido res\u00ednico, c\u00e1lcio marinho em p\u00f3, orebioycos e probi\u00f3ticos. CONTE\u00daDOS ANAL\u00cdTICOS: Prote\u00edna bruta 23%; gordura bruta 6,6%; fibra bruta 2%; cinzas 6%.<\/p>","protected":false},"excerpt":{"rendered":"<p>Farinha de cereais pr\u00e9-cozinhada, prote\u00edna animal e vegetal, clara de ovo em p\u00f3, prote\u00edna vegetal, rica em EPA e DHA, \u00f3leo vegetal de Pinophyta sp.<span class=\"excerpt-hellip\"> [...]<\/span><\/p>","protected":false},"featured_media":585,"comment_status":"open","ping_status":"closed","template":"","meta":{"_joinchat":[]},"product_brand":[],"product_cat":[30],"product_tag":[],"class_list":{"0":"post-581","1":"product","2":"type-product","3":"status-publish","4":"has-post-thumbnail","6":"product_cat-complementos","8":"first","9":"instock","10":"taxable","11":"shipping-taxable","12":"purchasable","13":"product-type-variable"},"jetpack_sharing_enabled":true,"_links":{"self":[{"href":"https:\/\/sanopien.com\/pt\/wp-json\/wp\/v2\/product\/581","targetHints":{"allow":["GET"]}}],"collection":[{"href":"https:\/\/sanopien.com\/pt\/wp-json\/wp\/v2\/product"}],"about":[{"href":"https:\/\/sanopien.com\/pt\/wp-json\/wp\/v2\/types\/product"}],"replies":[{"embeddable":true,"href":"https:\/\/sanopien.com\/pt\/wp-json\/wp\/v2\/comments?post=581"}],"wp:featuredmedia":[{"embeddable":true,"href":"https:\/\/sanopien.com\/pt\/wp-json\/wp\/v2\/media\/585"}],"wp:attachment":[{"href":"https:\/\/sanopien.com\/pt\/wp-json\/wp\/v2\/media?parent=581"}],"wp:term":[{"taxonomy":"product_brand","embeddable":true,"href":"https:\/\/sanopien.com\/pt\/wp-json\/wp\/v2\/product_brand?post=581"},{"taxonomy":"product_cat","embeddable":true,"href":"https:\/\/sanopien.com\/pt\/wp-json\/wp\/v2\/product_cat?post=581"},{"taxonomy":"product_tag","embeddable":true,"href":"https:\/\/sanopien.com\/pt\/wp-json\/wp\/v2\/product_tag?post=581"}],"curies":[{"name":"wp","href":"https:\/\/api.w.org\/{rel}","templated":true}]}}