{"id":566,"date":"2024-03-18T19:34:15","date_gmt":"2024-03-18T18:34:15","guid":{"rendered":"https:\/\/sanopien.com\/?post_type=product&#038;p=566"},"modified":"2024-03-18T19:36:03","modified_gmt":"2024-03-18T18:36:03","slug":"bathbird-sales-de-bano-para-aves-fortebird","status":"publish","type":"product","link":"https:\/\/sanopien.com\/pt\/produto\/bathbird-sales-de-bano-para-aves-fortebird\/","title":{"rendered":"BathBird (sais de banho para p\u00e1ssaros) Fortebird"},"content":{"rendered":"","protected":false},"excerpt":{"rendered":"<p><b>Bathbird s\u00e3o sais de banho com oligoelementos marinhos de qualidade superior.<\/b><\/p>\n<p>Cont\u00e9m macro e micronutrientes que satisfazem plenamente a qualidade do produto.<\/p>\n<p>Os sais de banho para p\u00e1ssaros de banho deixam a plumagem limpa, sedosa e livre de parasitas.<\/p>\n<p>A utiliza\u00e7\u00e3o de sais de banho \u00e9 essencial nos banhos das aves, pois tamb\u00e9m reduz o stress e as bicadas.<\/p>\n<p>A utiliza\u00e7\u00e3o de sais \u00e9 essencial durante o per\u00edodo de muda das aves.<\/p>\n<p>A qualidade, a composi\u00e7\u00e3o e o aroma do bathbird fazem destes sais os melhores do mercado, n\u00e3o deixando ningu\u00e9m indiferente ap\u00f3s a sua utiliza\u00e7\u00e3o.<\/p>","protected":false},"featured_media":567,"comment_status":"open","ping_status":"closed","template":"","meta":{"_joinchat":[]},"product_brand":[],"product_cat":[30],"product_tag":[],"class_list":{"0":"post-566","1":"product","2":"type-product","3":"status-publish","4":"has-post-thumbnail","6":"product_cat-complementos","7":"product_shipping_class-complementos","9":"first","10":"instock","11":"taxable","12":"shipping-taxable","13":"purchasable","14":"product-type-variable"},"jetpack_sharing_enabled":true,"_links":{"self":[{"href":"https:\/\/sanopien.com\/pt\/wp-json\/wp\/v2\/product\/566","targetHints":{"allow":["GET"]}}],"collection":[{"href":"https:\/\/sanopien.com\/pt\/wp-json\/wp\/v2\/product"}],"about":[{"href":"https:\/\/sanopien.com\/pt\/wp-json\/wp\/v2\/types\/product"}],"replies":[{"embeddable":true,"href":"https:\/\/sanopien.com\/pt\/wp-json\/wp\/v2\/comments?post=566"}],"wp:featuredmedia":[{"embeddable":true,"href":"https:\/\/sanopien.com\/pt\/wp-json\/wp\/v2\/media\/567"}],"wp:attachment":[{"href":"https:\/\/sanopien.com\/pt\/wp-json\/wp\/v2\/media?parent=566"}],"wp:term":[{"taxonomy":"product_brand","embeddable":true,"href":"https:\/\/sanopien.com\/pt\/wp-json\/wp\/v2\/product_brand?post=566"},{"taxonomy":"product_cat","embeddable":true,"href":"https:\/\/sanopien.com\/pt\/wp-json\/wp\/v2\/product_cat?post=566"},{"taxonomy":"product_tag","embeddable":true,"href":"https:\/\/sanopien.com\/pt\/wp-json\/wp\/v2\/product_tag?post=566"}],"curies":[{"name":"wp","href":"https:\/\/api.w.org\/{rel}","templated":true}]}}