{"id":558,"date":"2024-03-18T19:31:23","date_gmt":"2024-03-18T18:31:23","guid":{"rendered":"https:\/\/sanopien.com\/?post_type=product&#038;p=558"},"modified":"2024-03-18T19:33:27","modified_gmt":"2024-03-18T18:33:27","slug":"redbird-pigmentacion-pajaros-rojos-fortebird","status":"publish","type":"product","link":"https:\/\/sanopien.com\/pt\/produto\/redbird-pigmentacion-pajaros-rojos-fortebird\/","title":{"rendered":"RedBird (Pigmenta\u00e7\u00e3o de p\u00e1ssaro vermelho) Fortebird"},"content":{"rendered":"","protected":false},"excerpt":{"rendered":"<p><b>Redbird da ForteBird \u00e9 um corante para aves com fator vermelho, como can\u00e1rios, cardeais, pintassilgos, etc.<\/b><\/p>\n<p>Redbird \u00e9 uma mistura especial de pigmentos que foi testada durante anos por criadores especializados em factores vermelhos.<\/p>\n<p>Cont\u00e9m caroten\u00f3ides e aditivos da mais alta qualidade, que dar\u00e3o aos seus can\u00e1rios um lipocromo vermelho intenso, homog\u00e9neo e brilhante.<\/p>\n<p>A mistura especial contida no redbird aproximar\u00e1 muito mais o lipocromo do bordo das \u00e1reas a pigmentar.<\/p>\n<p>A Redbird leva as suas aves de fator vermelho um passo \u00e0 frente para obter um excelente resultado.<\/p>","protected":false},"featured_media":561,"comment_status":"open","ping_status":"closed","template":"","meta":{"_joinchat":[]},"product_brand":[],"product_cat":[30],"product_tag":[],"class_list":{"0":"post-558","1":"product","2":"type-product","3":"status-publish","4":"has-post-thumbnail","6":"product_cat-complementos","7":"product_shipping_class-complementos","9":"first","10":"instock","11":"taxable","12":"shipping-taxable","13":"purchasable","14":"product-type-variable"},"jetpack_sharing_enabled":true,"_links":{"self":[{"href":"https:\/\/sanopien.com\/pt\/wp-json\/wp\/v2\/product\/558","targetHints":{"allow":["GET"]}}],"collection":[{"href":"https:\/\/sanopien.com\/pt\/wp-json\/wp\/v2\/product"}],"about":[{"href":"https:\/\/sanopien.com\/pt\/wp-json\/wp\/v2\/types\/product"}],"replies":[{"embeddable":true,"href":"https:\/\/sanopien.com\/pt\/wp-json\/wp\/v2\/comments?post=558"}],"wp:featuredmedia":[{"embeddable":true,"href":"https:\/\/sanopien.com\/pt\/wp-json\/wp\/v2\/media\/561"}],"wp:attachment":[{"href":"https:\/\/sanopien.com\/pt\/wp-json\/wp\/v2\/media?parent=558"}],"wp:term":[{"taxonomy":"product_brand","embeddable":true,"href":"https:\/\/sanopien.com\/pt\/wp-json\/wp\/v2\/product_brand?post=558"},{"taxonomy":"product_cat","embeddable":true,"href":"https:\/\/sanopien.com\/pt\/wp-json\/wp\/v2\/product_cat?post=558"},{"taxonomy":"product_tag","embeddable":true,"href":"https:\/\/sanopien.com\/pt\/wp-json\/wp\/v2\/product_tag?post=558"}],"curies":[{"name":"wp","href":"https:\/\/api.w.org\/{rel}","templated":true}]}}