{"id":551,"date":"2024-03-18T19:27:36","date_gmt":"2024-03-18T18:27:36","guid":{"rendered":"https:\/\/sanopien.com\/?post_type=product&#038;p=551"},"modified":"2024-03-18T19:30:18","modified_gmt":"2024-03-18T18:30:18","slug":"ad3ebird-sin-dore-fortebird","status":"publish","type":"product","link":"https:\/\/sanopien.com\/pt\/produto\/ad3ebird-sin-dore-fortebird\/","title":{"rendered":"AD3EBird (Sin Dore ForteBird)"},"content":{"rendered":"","protected":false},"excerpt":{"rendered":"<p><b>Ad3ebird \u00e9 um suplemento vitam\u00ednico essencial durante a reprodu\u00e7\u00e3o das aves.<\/b><\/p>\n<p>A utiliza\u00e7\u00e3o deste suplemento melhora consideravelmente o n\u00famero de ovos para incuba\u00e7\u00e3o e corrige os estados de car\u00eancia, evitando malforma\u00e7\u00f5es nas aves.<\/p>\n<p>A vitamina E \u00e9 essencial para aumentar o desejo sexual, a forma\u00e7\u00e3o de espermatoz\u00f3ides e prevenir o fraco desenvolvimento muscular.<\/p>\n<p>A vitamina D3 \u00e9 essencial para o desenvolvimento dos ovos e dos embri\u00f5es.<\/p>\n<p>A vitamina A estimula o sistema imunit\u00e1rio, mant\u00e9m os tecidos moles e os ossos em boas condi\u00e7\u00f5es e promove a sa\u00fade dos olhos.<\/p>\n<p>A qualidade do ad3ebird \u00e9 comprovada e garante resultados satisfat\u00f3rios que n\u00e3o o deixar\u00e3o indiferente.<\/p>","protected":false},"featured_media":557,"comment_status":"open","ping_status":"closed","template":"","meta":{"_joinchat":[]},"product_brand":[],"product_cat":[30],"product_tag":[],"class_list":{"0":"post-551","1":"product","2":"type-product","3":"status-publish","4":"has-post-thumbnail","6":"product_cat-complementos","7":"product_shipping_class-complementos","9":"first","10":"instock","11":"taxable","12":"shipping-taxable","13":"purchasable","14":"product-type-variable"},"jetpack_sharing_enabled":true,"_links":{"self":[{"href":"https:\/\/sanopien.com\/pt\/wp-json\/wp\/v2\/product\/551","targetHints":{"allow":["GET"]}}],"collection":[{"href":"https:\/\/sanopien.com\/pt\/wp-json\/wp\/v2\/product"}],"about":[{"href":"https:\/\/sanopien.com\/pt\/wp-json\/wp\/v2\/types\/product"}],"replies":[{"embeddable":true,"href":"https:\/\/sanopien.com\/pt\/wp-json\/wp\/v2\/comments?post=551"}],"wp:featuredmedia":[{"embeddable":true,"href":"https:\/\/sanopien.com\/pt\/wp-json\/wp\/v2\/media\/557"}],"wp:attachment":[{"href":"https:\/\/sanopien.com\/pt\/wp-json\/wp\/v2\/media?parent=551"}],"wp:term":[{"taxonomy":"product_brand","embeddable":true,"href":"https:\/\/sanopien.com\/pt\/wp-json\/wp\/v2\/product_brand?post=551"},{"taxonomy":"product_cat","embeddable":true,"href":"https:\/\/sanopien.com\/pt\/wp-json\/wp\/v2\/product_cat?post=551"},{"taxonomy":"product_tag","embeddable":true,"href":"https:\/\/sanopien.com\/pt\/wp-json\/wp\/v2\/product_tag?post=551"}],"curies":[{"name":"wp","href":"https:\/\/api.w.org\/{rel}","templated":true}]}}