{"id":491,"date":"2023-11-23T11:51:00","date_gmt":"2023-11-23T10:51:00","guid":{"rendered":"https:\/\/sanopien.com\/?post_type=product&#038;p=491"},"modified":"2023-11-23T12:12:51","modified_gmt":"2023-11-23T11:12:51","slug":"probird-fortebird","status":"publish","type":"product","link":"https:\/\/sanopien.com\/pt\/produto\/probird-fortebird\/","title":{"rendered":"Probird Fortebird"},"content":{"rendered":"","protected":false},"excerpt":{"rendered":"<p>Probird \u00e9 um probi\u00f3tico para a estabiliza\u00e7\u00e3o da flora intestinal das nossas aves.<\/p>\n<p>Melhoram os par\u00e2metros de desempenho das nossas aves, uma vez que os Enterococcus faecium s\u00e3o bact\u00e9rias ben\u00e9ficas do trato intestinal que reduzem os problemas de diarreia e refor\u00e7am a imunidade das aves. Fazendo parte da flora intestinal natural, \u00e9 inofensiva para os seres humanos, os animais e o ambiente.<\/p>\n<p>O Probird \u00e9 completamente sol\u00favel em \u00e1gua, microencapsulado e n\u00e3o tem efeito de escurecimento.<\/p>\n<p>Instru\u00e7\u00f5es de utiliza\u00e7\u00e3o: Administrar 2 g de probird por litro de \u00e1gua ou 4 g de probird por kg de ra\u00e7\u00e3o ap\u00f3s tratamento com antibi\u00f3ticos, diarreia ou processos de stress. Pode ser administrado de forma cont\u00ednua, sendo muito aconselh\u00e1vel a sua administra\u00e7\u00e3o durante os primeiros dias de vida dos pintos.<\/p>","protected":false},"featured_media":492,"comment_status":"open","ping_status":"closed","template":"","meta":{"_joinchat":[]},"product_brand":[],"product_cat":[30],"product_tag":[],"class_list":{"0":"post-491","1":"product","2":"type-product","3":"status-publish","4":"has-post-thumbnail","6":"product_cat-complementos","7":"product_shipping_class-complementos","9":"first","10":"instock","11":"taxable","12":"shipping-taxable","13":"purchasable","14":"product-type-variable","15":"has-default-attributes"},"jetpack_sharing_enabled":true,"_links":{"self":[{"href":"https:\/\/sanopien.com\/pt\/wp-json\/wp\/v2\/product\/491","targetHints":{"allow":["GET"]}}],"collection":[{"href":"https:\/\/sanopien.com\/pt\/wp-json\/wp\/v2\/product"}],"about":[{"href":"https:\/\/sanopien.com\/pt\/wp-json\/wp\/v2\/types\/product"}],"replies":[{"embeddable":true,"href":"https:\/\/sanopien.com\/pt\/wp-json\/wp\/v2\/comments?post=491"}],"wp:featuredmedia":[{"embeddable":true,"href":"https:\/\/sanopien.com\/pt\/wp-json\/wp\/v2\/media\/492"}],"wp:attachment":[{"href":"https:\/\/sanopien.com\/pt\/wp-json\/wp\/v2\/media?parent=491"}],"wp:term":[{"taxonomy":"product_brand","embeddable":true,"href":"https:\/\/sanopien.com\/pt\/wp-json\/wp\/v2\/product_brand?post=491"},{"taxonomy":"product_cat","embeddable":true,"href":"https:\/\/sanopien.com\/pt\/wp-json\/wp\/v2\/product_cat?post=491"},{"taxonomy":"product_tag","embeddable":true,"href":"https:\/\/sanopien.com\/pt\/wp-json\/wp\/v2\/product_tag?post=491"}],"curies":[{"name":"wp","href":"https:\/\/api.w.org\/{rel}","templated":true}]}}