{"id":484,"date":"2023-11-23T11:47:59","date_gmt":"2023-11-23T10:47:59","guid":{"rendered":"https:\/\/sanopien.com\/?post_type=product&#038;p=484"},"modified":"2023-11-23T12:12:51","modified_gmt":"2023-11-23T11:12:51","slug":"micotox-de-fortebird","status":"publish","type":"product","link":"https:\/\/sanopien.com\/pt\/produto\/micotox-de-fortebird\/","title":{"rendered":"ForteBird Mycotox"},"content":{"rendered":"","protected":false},"excerpt":{"rendered":"<p>ForteBird Mycotox (aglutinante de micotoxinas)<\/p>\n<p>Micotox \u00e9 uma mistura de extrato de or\u00e9g\u00e3os, \u00e1cidos org\u00e2nicos, leveduras, silicatos hidratados, antioxidantes, sulfatos e extractos naturais em p\u00f3, cujos princ\u00edpios activos se ligam \u00e0s aflatoxinas.<\/p>\n<p>Actua como sequestrante de micotoxinas produzidas por fungos.<\/p>\n<p>Micotox neutraliza o efeito t\u00f3xico das micotoxinas atrav\u00e9s de processos de bio-transforma\u00e7\u00e3o.<\/p>\n<p>Micotox actua tamb\u00e9m sobre as toxinas de origem bacteriana, como a salmonela, a echerichia coli e outras.<\/p>\n<p>N\u00e3o \u00e9 apenas preventivo, mas tamb\u00e9m ajuda eficazmente os processos de intoxica\u00e7\u00e3o j\u00e1 presentes nas aves.<\/p>\n<p>Como n\u00e3o se trata de um medicamento, a flora intestinal n\u00e3o corre o risco de ser danificada.<\/p>","protected":false},"featured_media":488,"comment_status":"open","ping_status":"closed","template":"","meta":{"_joinchat":[]},"product_brand":[],"product_cat":[30],"product_tag":[],"class_list":{"0":"post-484","1":"product","2":"type-product","3":"status-publish","4":"has-post-thumbnail","6":"product_cat-complementos","7":"product_shipping_class-complementos","9":"first","10":"instock","11":"taxable","12":"shipping-taxable","13":"purchasable","14":"product-type-variable","15":"has-default-attributes"},"jetpack_sharing_enabled":true,"_links":{"self":[{"href":"https:\/\/sanopien.com\/pt\/wp-json\/wp\/v2\/product\/484","targetHints":{"allow":["GET"]}}],"collection":[{"href":"https:\/\/sanopien.com\/pt\/wp-json\/wp\/v2\/product"}],"about":[{"href":"https:\/\/sanopien.com\/pt\/wp-json\/wp\/v2\/types\/product"}],"replies":[{"embeddable":true,"href":"https:\/\/sanopien.com\/pt\/wp-json\/wp\/v2\/comments?post=484"}],"wp:featuredmedia":[{"embeddable":true,"href":"https:\/\/sanopien.com\/pt\/wp-json\/wp\/v2\/media\/488"}],"wp:attachment":[{"href":"https:\/\/sanopien.com\/pt\/wp-json\/wp\/v2\/media?parent=484"}],"wp:term":[{"taxonomy":"product_brand","embeddable":true,"href":"https:\/\/sanopien.com\/pt\/wp-json\/wp\/v2\/product_brand?post=484"},{"taxonomy":"product_cat","embeddable":true,"href":"https:\/\/sanopien.com\/pt\/wp-json\/wp\/v2\/product_cat?post=484"},{"taxonomy":"product_tag","embeddable":true,"href":"https:\/\/sanopien.com\/pt\/wp-json\/wp\/v2\/product_tag?post=484"}],"curies":[{"name":"wp","href":"https:\/\/api.w.org\/{rel}","templated":true}]}}