{"id":470,"date":"2023-11-23T11:37:55","date_gmt":"2023-11-23T10:37:55","guid":{"rendered":"https:\/\/sanopien.com\/?post_type=product&#038;p=470"},"modified":"2023-11-23T12:12:51","modified_gmt":"2023-11-23T11:12:51","slug":"black-point-fortebird","status":"publish","type":"product","link":"https:\/\/sanopien.com\/pt\/produto\/black-point-fortebird\/","title":{"rendered":"Fortebird de ponta negra"},"content":{"rendered":"","protected":false},"excerpt":{"rendered":"<p>Black Point \u00e9 um suplemento em p\u00f3 \u00e0 base de extractos naturais que previne a mancha negra nos pombos durante a \u00e9poca de reprodu\u00e7\u00e3o. Previne a maior parte da mortalidade dos pintos devido a infec\u00e7\u00f5es gastrointestinais.<\/p>\n<p>Previne eficazmente os desequil\u00edbrios digestivos, controlando rapidamente as infec\u00e7\u00f5es bacterianas, parasit\u00e1rias e f\u00fangicas. Como a coccidiose, a tricoman\u00edase, a salmonelose, a micoplasmose, a E. coli, a Candida e as megabact\u00e9rias.<\/p>\n<p>Refor\u00e7a o sistema imunit\u00e1rio, estimula o apetite, estabiliza os n\u00edveis de electr\u00f3litos e previne o atraso no crescimento.<\/p>","protected":false},"featured_media":474,"comment_status":"open","ping_status":"closed","template":"","meta":{"_joinchat":[]},"product_brand":[],"product_cat":[30],"product_tag":[],"class_list":{"0":"post-470","1":"product","2":"type-product","3":"status-publish","4":"has-post-thumbnail","6":"product_cat-complementos","7":"product_shipping_class-complementos","9":"first","10":"instock","11":"taxable","12":"shipping-taxable","13":"purchasable","14":"product-type-variable","15":"has-default-attributes"},"jetpack_sharing_enabled":true,"_links":{"self":[{"href":"https:\/\/sanopien.com\/pt\/wp-json\/wp\/v2\/product\/470","targetHints":{"allow":["GET"]}}],"collection":[{"href":"https:\/\/sanopien.com\/pt\/wp-json\/wp\/v2\/product"}],"about":[{"href":"https:\/\/sanopien.com\/pt\/wp-json\/wp\/v2\/types\/product"}],"replies":[{"embeddable":true,"href":"https:\/\/sanopien.com\/pt\/wp-json\/wp\/v2\/comments?post=470"}],"wp:featuredmedia":[{"embeddable":true,"href":"https:\/\/sanopien.com\/pt\/wp-json\/wp\/v2\/media\/474"}],"wp:attachment":[{"href":"https:\/\/sanopien.com\/pt\/wp-json\/wp\/v2\/media?parent=470"}],"wp:term":[{"taxonomy":"product_brand","embeddable":true,"href":"https:\/\/sanopien.com\/pt\/wp-json\/wp\/v2\/product_brand?post=470"},{"taxonomy":"product_cat","embeddable":true,"href":"https:\/\/sanopien.com\/pt\/wp-json\/wp\/v2\/product_cat?post=470"},{"taxonomy":"product_tag","embeddable":true,"href":"https:\/\/sanopien.com\/pt\/wp-json\/wp\/v2\/product_tag?post=470"}],"curies":[{"name":"wp","href":"https:\/\/api.w.org\/{rel}","templated":true}]}}