{"id":327,"date":"2023-09-12T16:31:10","date_gmt":"2023-09-12T14:31:10","guid":{"rendered":"https:\/\/sanopien.com\/?post_type=product&#038;p=327"},"modified":"2025-06-05T11:20:49","modified_gmt":"2025-06-05T09:20:49","slug":"pasta-blanca-morbida-p5","status":"publish","type":"product","link":"https:\/\/sanopien.com\/pt\/produto\/pasta-blanca-morbida-p5\/","title":{"rendered":"Polpa branca m\u00f3rbida P5"},"content":{"rendered":"<p><strong>Ingredientes<\/strong>Cereais extrudidos 52%, farinha de soja, carbonato de c\u00e1lcio, levedura, sementes de perilla 3%, sementes de papoila 3%, sementes de niger 2%, sementes de linho 2%, sementes de c\u00e2nhamo 2%, \u00f3leo de soja, xarope de agave 0,1%.<\/p>\n<p><strong>Aditivos<\/strong>(por 1 kg de produto) Vitamina A 3a672a 10.000 UI\/kg; Vitamina D3 3a671 2000 UI\/kg; Vitamina E 3a700 30 mg\/kg; Vitamina K3 3a711 2 mg\/kg, Vitamina B1 3a821 2 mg\/kg; Vitamina B2 3a825iv 5 mg\/kg; vitamina B5 11 mg\/kg, vitamina B6 3a831 4 mg\/kg; vitamina B12 3a835 23 mg\/kg; niacina 3a314 30 mg\/kg; \u00e1cido f\u00f3lico 3a316 1 mg\/kg; cloreto de colina 3a890 150 mg\/kg; beta\u00edna 3a925 75 mg\/kg.<\/p>\n<p><strong>Oligoelementos<\/strong>Ferro 3b107 30 mg\/kg; Cobre Cu, 3b412 3mg\/kg; Mangan\u00eas Mn, 3b511 mg\/kg; Zinco Zn, 3b612 40 mg\/kg; Iodo 3b203 1 mg\/kg; Sel\u00e9nio Se, 3b801 0,10 mg\/kg.<\/p>\n<p><strong>Minerais<\/strong>C\u00e1lcio 0,07%; Magn\u00e9sio 0,01%<\/p>\n<p><strong>Pastas<\/strong>Sepiolite E 562 450 mg\/kg<\/p>\n<p>Antioxidantes e conservantes<\/p>\n<p>Na embalagem original, conservada num local fresco e escuro.<\/p>\n<p>Fornecer uma quantidade suficiente para consumo di\u00e1rio num bebedouro juntamente com \u00e1gua limpa e fresca.<\/p>\n<p><img loading=\"lazy\" decoding=\"async\" class=\"aligncenter size-full wp-image-631\" src=\"https:\/\/sanopien.com\/wp-content\/uploads\/2023\/09\/Screenshot_242.png\" alt=\"\" width=\"918\" height=\"1098\" srcset=\"https:\/\/sanopien.com\/wp-content\/uploads\/2023\/09\/Screenshot_242.png 918w, https:\/\/sanopien.com\/wp-content\/uploads\/2023\/09\/Screenshot_242-251x300.png 251w, https:\/\/sanopien.com\/wp-content\/uploads\/2023\/09\/Screenshot_242-856x1024.png 856w, https:\/\/sanopien.com\/wp-content\/uploads\/2023\/09\/Screenshot_242-768x919.png 768w, https:\/\/sanopien.com\/wp-content\/uploads\/2023\/09\/Screenshot_242-63x75.png 63w, https:\/\/sanopien.com\/wp-content\/uploads\/2023\/09\/Screenshot_242-480x574.png 480w, https:\/\/sanopien.com\/wp-content\/uploads\/2023\/09\/Screenshot_242-800x957.png 800w\" sizes=\"auto, (max-width:767px) 480px, (max-width:918px) 100vw, 918px\" \/><\/p>\n<p>&nbsp;<\/p>","protected":false},"excerpt":{"rendered":"<p>Pasta de cria\u00e7\u00e3o m\u00f3rbida ideal para a muda com sementes de papoila para relaxar as aves.<\/p>","protected":false},"featured_media":347,"comment_status":"open","ping_status":"closed","template":"","meta":{"_joinchat":[]},"product_brand":[],"product_cat":[24],"product_tag":[],"class_list":{"0":"post-327","1":"product","2":"type-product","3":"status-publish","4":"has-post-thumbnail","6":"product_cat-pasta","7":"product_shipping_class-pastaenvio","9":"first","10":"instock","11":"taxable","12":"shipping-taxable","13":"purchasable","14":"product-type-variable"},"jetpack_sharing_enabled":true,"_links":{"self":[{"href":"https:\/\/sanopien.com\/pt\/wp-json\/wp\/v2\/product\/327","targetHints":{"allow":["GET"]}}],"collection":[{"href":"https:\/\/sanopien.com\/pt\/wp-json\/wp\/v2\/product"}],"about":[{"href":"https:\/\/sanopien.com\/pt\/wp-json\/wp\/v2\/types\/product"}],"replies":[{"embeddable":true,"href":"https:\/\/sanopien.com\/pt\/wp-json\/wp\/v2\/comments?post=327"}],"wp:featuredmedia":[{"embeddable":true,"href":"https:\/\/sanopien.com\/pt\/wp-json\/wp\/v2\/media\/347"}],"wp:attachment":[{"href":"https:\/\/sanopien.com\/pt\/wp-json\/wp\/v2\/media?parent=327"}],"wp:term":[{"taxonomy":"product_brand","embeddable":true,"href":"https:\/\/sanopien.com\/pt\/wp-json\/wp\/v2\/product_brand?post=327"},{"taxonomy":"product_cat","embeddable":true,"href":"https:\/\/sanopien.com\/pt\/wp-json\/wp\/v2\/product_cat?post=327"},{"taxonomy":"product_tag","embeddable":true,"href":"https:\/\/sanopien.com\/pt\/wp-json\/wp\/v2\/product_tag?post=327"}],"curies":[{"name":"wp","href":"https:\/\/api.w.org\/{rel}","templated":true}]}}