{"id":313,"date":"2023-09-12T15:49:22","date_gmt":"2023-09-12T13:49:22","guid":{"rendered":"https:\/\/sanopien.com\/?post_type=product&#038;p=313"},"modified":"2025-03-06T12:04:20","modified_gmt":"2025-03-06T11:04:20","slug":"pienso","status":"publish","type":"product","link":"https:\/\/sanopien.com\/pt\/produto\/pienso\/","title":{"rendered":"Forragem"},"content":{"rendered":"<p><strong>Composi\u00e7\u00e3o<\/strong>Cereais, \u00f3leos vegetais, a\u00e7\u00facares e sais minerais.<\/p>\n<p><strong>Aditivos<\/strong>Antioxidantes, compostos de oligoelementos (cobre, ferro, iodo, magn\u00e9sio, sel\u00e9nio e zinco), vitaminas e provitaminas,<\/p>\n<p><strong>Indica\u00e7\u00f5es e instru\u00e7\u00f5es de utiliza\u00e7\u00e3o<\/strong>A disponibiliza\u00e7\u00e3o gratuita e a garantia do fornecimento de \u00e1gua limpa e fresca em qualquer altura.<\/p>\n<p>Conservar num local fresco e seco.<\/p>\n<p>&nbsp;<\/p>\n<p><img loading=\"lazy\" decoding=\"async\" class=\"aligncenter wp-image-632 size-full\" src=\"https:\/\/sanopien.com\/wp-content\/uploads\/2023\/09\/Screenshot_241.png\" alt=\"\" width=\"919\" height=\"1098\" srcset=\"https:\/\/sanopien.com\/wp-content\/uploads\/2023\/09\/Screenshot_241.png 919w, https:\/\/sanopien.com\/wp-content\/uploads\/2023\/09\/Screenshot_241-251x300.png 251w, https:\/\/sanopien.com\/wp-content\/uploads\/2023\/09\/Screenshot_241-857x1024.png 857w, https:\/\/sanopien.com\/wp-content\/uploads\/2023\/09\/Screenshot_241-768x918.png 768w, https:\/\/sanopien.com\/wp-content\/uploads\/2023\/09\/Screenshot_241-63x75.png 63w, https:\/\/sanopien.com\/wp-content\/uploads\/2023\/09\/Screenshot_241-480x573.png 480w, https:\/\/sanopien.com\/wp-content\/uploads\/2023\/09\/Screenshot_241-800x956.png 800w\" sizes=\"auto, (max-width:767px) 480px, (max-width:919px) 100vw, 919px\" \/><\/p>","protected":false},"excerpt":{"rendered":"<p>Alimento composto sem escurecimento.<\/p>\n<p>Enriquecido com extractos de plantas que apoiam o sistema imunit\u00e1rio dos animais. N\u00e3o escurece.<\/p>","protected":false},"featured_media":466,"comment_status":"open","ping_status":"closed","template":"","meta":{"_joinchat":[]},"product_brand":[],"product_cat":[23],"product_tag":[],"class_list":{"0":"post-313","1":"product","2":"type-product","3":"status-publish","4":"has-post-thumbnail","6":"product_cat-pienso","8":"first","9":"instock","10":"taxable","11":"shipping-taxable","12":"purchasable","13":"product-type-variable"},"jetpack_sharing_enabled":true,"_links":{"self":[{"href":"https:\/\/sanopien.com\/pt\/wp-json\/wp\/v2\/product\/313","targetHints":{"allow":["GET"]}}],"collection":[{"href":"https:\/\/sanopien.com\/pt\/wp-json\/wp\/v2\/product"}],"about":[{"href":"https:\/\/sanopien.com\/pt\/wp-json\/wp\/v2\/types\/product"}],"replies":[{"embeddable":true,"href":"https:\/\/sanopien.com\/pt\/wp-json\/wp\/v2\/comments?post=313"}],"wp:featuredmedia":[{"embeddable":true,"href":"https:\/\/sanopien.com\/pt\/wp-json\/wp\/v2\/media\/466"}],"wp:attachment":[{"href":"https:\/\/sanopien.com\/pt\/wp-json\/wp\/v2\/media?parent=313"}],"wp:term":[{"taxonomy":"product_brand","embeddable":true,"href":"https:\/\/sanopien.com\/pt\/wp-json\/wp\/v2\/product_brand?post=313"},{"taxonomy":"product_cat","embeddable":true,"href":"https:\/\/sanopien.com\/pt\/wp-json\/wp\/v2\/product_cat?post=313"},{"taxonomy":"product_tag","embeddable":true,"href":"https:\/\/sanopien.com\/pt\/wp-json\/wp\/v2\/product_tag?post=313"}],"curies":[{"name":"wp","href":"https:\/\/api.w.org\/{rel}","templated":true}]}}